{"id":13847,"date":"2021-09-21T13:07:57","date_gmt":"2021-09-21T12:07:57","guid":{"rendered":"https:\/\/freetibetanheroes.org\/?page_id=13847"},"modified":"2021-10-13T17:06:28","modified_gmt":"2021-10-13T16:06:28","slug":"inicio","status":"publish","type":"page","link":"https:\/\/freetibetanheroes.org\/freedom101\/es\/inicio\/","title":{"rendered":"Inicio"},"content":{"rendered":"<div class=\"wpb-content-wrapper\">[vc_row][vc_column][layerslider_vc id=&#8221;19&#8243;][\/vc_column][\/vc_row][vc_row margintop=&#8221;50&#8243; marginbottom=&#8221;20&#8243; paddingtop=&#8221;0&#8243; paddingbottom=&#8221;0&#8243; css=&#8221;.vc_custom_1581948410780{margin-top: 20px !important;margin-bottom: 20px !important;background-color: #ffffff !important;}&#8221;][vc_column width=&#8221;1\/6&#8243;][\/vc_column][vc_column width=&#8221;2\/3&#8243;][vc_empty_space height=&#8221;64px&#8221;][vc_column_text el_class=&#8221;largertxt&#8221;]<strong><i>Libertad a los H\u00e9roes Tibetanos <\/i><\/strong><i><span style=\"font-weight: 400;\">es una campa\u00f1a global que destaca a los tibetanos que, como tantos tibetanos, han arriesgado su propia libertad para defender los derechos de su pueblo y resistir las pol\u00edticas chinas en T\u00edbet. Son verdaderos h\u00e9roes y sus acciones representan los deseos y aspiraciones de innumerables tibetanos que viven bajo el dominio chino.<\/span><\/i>[\/vc_column_text][vc_empty_space height=&#8221;64px&#8221;][\/vc_column][vc_column width=&#8221;1\/6&#8243;][\/vc_column][\/vc_row][vc_row content_placement=&#8221;middle&#8221; css=&#8221;.vc_custom_1620827020588{background-color: #000000 !important;background-position: center !important;background-repeat: no-repeat !important;background-size: cover !important;}&#8221;][vc_column][vc_row_inner content_placement=&#8221;middle&#8221;][vc_column_inner width=&#8221;1\/3&#8243;][vc_column_text font_color=&#8221;#cccccc&#8221; font_size=&#8221;20px&#8221; css=&#8221;.vc_custom_1632222526175{margin-top: 32px !important;margin-bottom: 32px !important;}&#8221; line_height=&#8221;30px&#8221;]<strong><span style=\"color: #ffffff;\">EXTENSIVO REPRESENTACI\u00d3N Y<\/span><\/strong><br \/>\n<strong><span style=\"color: #ffcc00;\">OLA DE NUEVAS DETENCIONES EN T\u00cdBET<\/span><\/strong><\/p>\n<p>&nbsp;<\/p>\n<p>De izquierda a derecha: Tsering Dolma, Seznam, Drubpa Kyab, Dadul, Sangye Tso y Gangbu Drum[\/vc_column_text][\/vc_column_inner][vc_column_inner width=&#8221;2\/3&#8243;][vc_single_image image=&#8221;13791&#8243; img_size=&#8221;full&#8221; alignment=&#8221;center&#8221; onclick=&#8221;custom_link&#8221; link=&#8221;https:\/\/freetibetanheroes.org\/es\/2021-represion-en-tibet\/&#8221;][\/vc_column_inner][\/vc_row_inner][\/vc_column][\/vc_row][vc_row css=&#8221;.vc_custom_1583751907017{background: #cc3300 url(https:\/\/freetibetanheroes.org\/freedom101\/wp-content\/uploads\/2020\/03\/IMG_8060.jpg?id=13328) !important;background-position: center !important;background-repeat: no-repeat !important;background-size: cover !important;}&#8221;][vc_column][vc_row_inner][vc_column_inner][vc_empty_space height=&#8221;64px&#8221;]<div class=\"vc_front_widget w-full text-center text-gray-600 box-border p-6 bg-transparent transition-colors duration-200 ease-linear fs_scope_1  redoverlay\" ><a href=\"https:\/\/freetibetanheroes.org\/es\/perfiles-individuales-de-heroes\/\" class=\"absolute w-full h-full top-0 left-0 z-50\" target=\"\"><\/a><span class=\"shortcode_img mb-6 mx-auto white_circle rounded-full p-3 inline-block bg-white mb-6\"><img decoding=\"async\" src=\"https:\/\/freetibetanheroes.org\/freedom101\/wp-content\/uploads\/2011\/07\/profiles.png\" alt=\"\" class=\"mx-auto\"><\/span><h3 class=\"widget-title text-base font-bold mb-6 text-center uppercase\">PERFIL DE LOS H\u00c9ROES<\/h3><div class=\"content_box_text leading-loose block\">\n<h3>Conoce m\u00e1s sobre los Tibetanos encarcelados por las autoridades chinas y toma acci\u00f3n para asegurar su libertad<\/h3>\n<\/div><\/div>[vc_empty_space height=&#8221;64px&#8221;][\/vc_column_inner][\/vc_row_inner][\/vc_column][\/vc_row][vc_row css=&#8221;.vc_custom_1583749531495{background-color: #333366 !important;}&#8221; el_class=&#8221;whiteTxt whiteHeads&#8221;][vc_column][vc_row_inner][vc_column_inner][vc_empty_space height=&#8221;64px&#8221;]<div class=\"vc_front_widget w-full text-center text-gray-600 box-border p-6 bg-transparent transition-colors duration-200 ease-linear fs_scope_2  \" ><a href=\"https:\/\/freetibetanheroes.org\/es\/toma-accion\/\" class=\"absolute w-full h-full top-0 left-0 z-50\" target=\"\"><\/a><span class=\"shortcode_img mb-6 mx-auto white_circle rounded-full p-3 inline-block bg-white mb-6\"><img decoding=\"async\" src=\"https:\/\/freetibetanheroes.org\/freedom101\/wp-content\/uploads\/2011\/07\/take-action.png\" alt=\"\" class=\"mx-auto\"><\/span><h3 class=\"widget-title text-base font-bold mb-6 text-center uppercase\">TOMA ACCI\u00d3N<\/h3><div class=\"content_box_text leading-loose block\">\n<h2>Pide a los pol\u00edticos de todo el mundo que presionen a las autoridades chinas para que liberen a los presos pol\u00edticos.<\/h2>\n<\/div><\/div>[vc_empty_space height=&#8221;64px&#8221;][\/vc_column_inner][\/vc_row_inner][\/vc_column][\/vc_row][vc_row css=&#8221;.vc_custom_1606323536452{background-image: url(https:\/\/freetibetanheroes.org\/freedom101\/wp-content\/uploads\/2020\/11\/torture.jpg?id=13726) !important;background-position: center !important;background-repeat: no-repeat !important;background-size: cover !important;}&#8221;][vc_column][vc_row_inner css=&#8221;.vc_custom_1606323631553{padding-top: 96px !important;padding-right: 24px !important;padding-bottom: 96px !important;padding-left: 24px !important;}&#8221;][vc_column_inner]<div class=\"vc_front_widget w-full text-center text-gray-600 box-border p-6 bg-transparent transition-colors duration-200 ease-linear fs_scope_3  whiteHeads\" ><a href=\"https:\/\/freetibetanheroes.org\/es\/muerte-y-tortura-bajo-custodia-china\/\" class=\"absolute w-full h-full top-0 left-0 z-50\" target=\"\"><\/a><div class=\"content_box_text leading-loose block\">\n<h1 style=\"text-align: center;\">MUERTE Y TORTURA EN CUSTODIA CHINA<\/h1>\n<\/div><\/div>[\/vc_column_inner][\/vc_row_inner][\/vc_column][\/vc_row][vc_row eq_height=&#8221;yes&#8221; content_placement=&#8221;bottom&#8221; margintop=&#8221;50&#8243; marginbottom=&#8221;20&#8243; paddingtop=&#8221;0&#8243; paddingbottom=&#8221;0&#8243; css=&#8221;.vc_custom_1583749710180{padding-top: 60px !important;padding-bottom: 10px !important;background: #ffd200 url(https:\/\/freetibetanheroes.org\/freedom101\/wp-content\/uploads\/2016\/11\/FTH_WritingKit-Combined_465x225_envelope-copy.png?id=13014) !important;background-position: center !important;background-repeat: no-repeat !important;background-size: contain !important;}&#8221;][vc_column width=&#8221;1\/3&#8243;][\/vc_column][vc_column width=&#8221;1\/3&#8243;][vc_empty_space height=&#8221;240px&#8221;][vc_button title=&#8221;CONOCE C\u00d3MO HACERLO&#8230;&#8221; size=&#8221;large&#8221; icon_fontawesome=&#8221;far fa-edit&#8221; align=&#8221;right&#8221; add_icon=&#8221;true&#8221; href=&#8221;https:\/\/freetibetanheroes.org\/es\/escribe-a-los-heroes-tibetanos\/&#8221;][\/vc_column][vc_column width=&#8221;1\/3&#8243;][\/vc_column][\/vc_row][vc_row css=&#8221;.vc_custom_1583753403080{background: #fdd200 url(https:\/\/freetibetanheroes.org\/freedom101\/wp-content\/uploads\/2011\/07\/frame34.jpg?id=6990) !important;background-position: center !important;background-repeat: no-repeat !important;background-size: cover !important;}&#8221; el_class=&#8221;whiteHeads&#8221;][vc_column][vc_row_inner][vc_column_inner][vc_empty_space height=&#8221;64px&#8221;]<style type=\"text\/css\" scoped=\"scoped\">.vc_front_widget.fs_scope_4{background-color: rgba(0,0,0,0.49);color: #ffffff;transition: all .2s linear; -webkit-transition: all .2s linear;}.vc_front_widget.fs_scope_4:hover{background-color: rgba(0,0,0,0.23);color: #ffffff;}.vc_front_widget.fs_scope_4 .font_icons {color: #666666;transition: all .2s linear; -webkit-transition: all .2s linear;}.vc_front_widget.fs_scope_4:hover .font_icons {color: #ffffff;}.vc_front_widget.fs_scope_4 a {color: #ffffff;transition: all .2s linear; -webkit-transition: all .2s linear;}.vc_front_widget.fs_scope_4:hover a {color: #ffffff;}.vc_front_widget.fs_scope_4 h3.widget-title, .vc_front_widget.fs_scope_4 h3.widget-title a {color: #ffffff;transition: all .2s linear; -webkit-transition: all .2s linear;}.vc_front_widget.fs_scope_4:hover h3.widget-title, .vc_front_widget.fs_scope_4:hover h3.widget-title a {color: #ffffff;}.vc_front_widget.fs_scope_4 .content_box_text {color: #ffffff;transition: all .2s linear; -webkit-transition: all .2s linear;}.vc_front_widget.fs_scope_4:hover .content_box_text {color: #ffffff;}<\/style><div class=\"vc_front_widget w-full text-center text-gray-600 box-border p-6 bg-transparent transition-colors duration-200 ease-linear fs_scope_4  darkUnderlay\" ><a href=\"https:\/\/freetibetanheroes.org\/es\/prisioneros-politicos-tibetanos\/\" class=\"absolute w-full h-full top-0 left-0 z-50\" target=\"\"><\/a><span class=\"shortcode_img mb-6 mx-auto white_circle rounded-full p-3 inline-block bg-white mb-6\"><img decoding=\"async\" src=\"https:\/\/freetibetanheroes.org\/freedom101\/wp-content\/uploads\/2011\/07\/political-prisoners.png\" alt=\"\" class=\"mx-auto\"><\/span><h3 class=\"widget-title text-base font-bold mb-6 text-center uppercase\">PRISIONEROS POL\u00cdTICOS<\/h3><div class=\"content_box_text leading-loose block\">\n<h3>Los presos pol\u00edticos tibetanos son tibetanos retenidos por las autoridades chinas porque han destacado, se han opuesto o criticado al r\u00e9gimen chino en T\u00edbet.<\/h3>\n<\/div><\/div>[vc_empty_space height=&#8221;64px&#8221;][\/vc_column_inner][\/vc_row_inner][\/vc_column][\/vc_row][vc_row css=&#8221;.vc_custom_1583753066114{background-color: #cc3300 !important;}&#8221; el_class=&#8221;whiteHeads&#8221;][vc_column][vc_row_inner][vc_column_inner][vc_empty_space height=&#8221;64px&#8221;]<div class=\"vc_front_widget w-full text-center text-gray-600 box-border p-6 bg-transparent transition-colors duration-200 ease-linear fs_scope_5  yellowoverlay\" ><a href=\"https:\/\/actions.tibetnetwork.org\/es\/dona\" class=\"absolute w-full h-full top-0 left-0 z-50\" target=\"\"><\/a><span class=\"shortcode_img mb-6 mx-auto white_circle rounded-full p-3 inline-block bg-white mb-6\"><img decoding=\"async\" src=\"https:\/\/freetibetanheroes.org\/freedom101\/wp-content\/uploads\/2011\/07\/donate.png\" alt=\"\" class=\"mx-auto\"><\/span><h3 class=\"widget-title text-base font-bold mb-6 text-center uppercase\">DONAR<\/h3><div class=\"content_box_text leading-loose block\">\n<h3>Tu puedes contribuir a fortalecer el movimiento internacional de T\u00edbet.<\/h3>\n<a class=\"button button_yellow\" href=\"https:\/\/actions.tibetnetwork.org\/es\/dona\" target=\"\">Te agradecemos hacer un regalo ahora &#8230;<\/a><\/div><\/div>[vc_empty_space height=&#8221;64px&#8221;][\/vc_column_inner][\/vc_row_inner][\/vc_column][\/vc_row][vc_row gap=&#8221;20&#8243; equal_height=&#8221;yes&#8221; row_font_color=&#8221;#ffffff&#8221; css=&#8221;.vc_custom_1523442811684{padding-top: 40px !important;padding-bottom: 40px !important;}&#8221; el_class=&#8221;whitehead&#8221;][vc_column][vc_column_text]\n<h2>La Red Internacional del T\u00edbet apoya al Movimiento Tibet para desarrollar y fortalecer campa\u00f1as globales. Esta campa\u00f1a ha sido dise\u00f1ada por un Grupo de Trabajo de Campa\u00f1a con los siguientes miembros activos:<\/h2>\n[\/vc_column_text][vc_row_inner][vc_column_inner width=&#8221;1\/4&#8243;][vc_hoverbox image=&#8221;13271&#8243; primary_title=&#8221;&#8221; hover_title=&#8221;&#8221; shape=&#8221;square&#8221; hover_background_color=&#8221;custom&#8221; hover_btn_title=&#8221;Students for a Free Tibet&#8221; hover_btn_color=&#8221;danger&#8221; hover_add_button=&#8221;true&#8221; hover_custom_background=&#8221;#ffd200&#8243; css=&#8221;.vc_custom_1581936696387{padding-top: 20px !important;}&#8221; hover_btn_link=&#8221;url:https%3A%2F%2Fwww.studentsforafreetibet.org%2F&#8221;][\/vc_hoverbox][\/vc_column_inner][vc_column_inner width=&#8221;1\/4&#8243;][vc_hoverbox image=&#8221;13273&#8243; primary_title=&#8221;&#8221; hover_title=&#8221;&#8221; shape=&#8221;square&#8221; hover_background_color=&#8221;custom&#8221; hover_btn_title=&#8221;Free Tibet&#8221; hover_btn_color=&#8221;danger&#8221; hover_add_button=&#8221;true&#8221; hover_custom_background=&#8221;#ffd200&#8243; css=&#8221;.vc_custom_1581936774891{padding-top: 20px !important;}&#8221; hover_btn_link=&#8221;url:https%3A%2F%2Fwww.freetibet.org%2F&#8221;][\/vc_hoverbox][\/vc_column_inner][vc_column_inner width=&#8221;1\/4&#8243;][vc_hoverbox image=&#8221;13274&#8243; primary_title=&#8221;&#8221; hover_title=&#8221;&#8221; shape=&#8221;square&#8221; hover_background_color=&#8221;custom&#8221; hover_btn_title=&#8221;Tibet Society&#8221; hover_btn_color=&#8221;danger&#8221; hover_add_button=&#8221;true&#8221; hover_custom_background=&#8221;#ffd200&#8243; css=&#8221;.vc_custom_1581936806839{padding-top: 20px !important;}&#8221; hover_btn_link=&#8221;url:http%3A%2F%2Fwww.tibetsociety.com%2F&#8221;][\/vc_hoverbox][\/vc_column_inner][vc_column_inner width=&#8221;1\/4&#8243;][vc_hoverbox image=&#8221;13275&#8243; primary_title=&#8221;&#8221; hover_title=&#8221;&#8221; shape=&#8221;square&#8221; hover_background_color=&#8221;custom&#8221; hover_btn_title=&#8221;Svenska Tibet Kommitten&#8221; hover_btn_color=&#8221;danger&#8221; hover_add_button=&#8221;true&#8221; hover_custom_background=&#8221;#ffd200&#8243; css=&#8221;.vc_custom_1581936838158{padding-top: 20px !important;}&#8221; hover_btn_link=&#8221;url:http%3A%2F%2Fwww.tibet.se%2F&#8221;][\/vc_hoverbox][\/vc_column_inner][\/vc_row_inner][vc_row_inner][vc_column_inner width=&#8221;1\/4&#8243;][vc_hoverbox image=&#8221;13278&#8243; primary_title=&#8221;&#8221; hover_title=&#8221;&#8221; shape=&#8221;square&#8221; hover_background_color=&#8221;custom&#8221; hover_btn_title=&#8221;Lungta&#8221; hover_btn_color=&#8221;danger&#8221; hover_add_button=&#8221;true&#8221; hover_custom_background=&#8221;#ffd200&#8243; css=&#8221;.vc_custom_1581937595151{padding-top: 20px !important;}&#8221; hover_btn_link=&#8221;url:http%3A%2F%2Fwww.lungta.cz%2F&#8221;][\/vc_hoverbox][\/vc_column_inner][vc_column_inner width=&#8221;1\/4&#8243;][vc_hoverbox image=&#8221;13279&#8243; primary_title=&#8221;&#8221; hover_title=&#8221;&#8221; shape=&#8221;square&#8221; hover_background_color=&#8221;custom&#8221; hover_btn_title=&#8221;Australia Tibet Council&#8221; hover_btn_color=&#8221;danger&#8221; hover_add_button=&#8221;true&#8221; hover_custom_background=&#8221;#ffd200&#8243; css=&#8221;.vc_custom_1581937621854{padding-top: 20px !important;}&#8221; hover_btn_link=&#8221;url:https%3A%2F%2Fwww.atc.org.au%2F&#8221;][\/vc_hoverbox][\/vc_column_inner][vc_column_inner width=&#8221;1\/4&#8243;][vc_hoverbox image=&#8221;13280&#8243; primary_title=&#8221;&#8221; hover_title=&#8221;&#8221; shape=&#8221;square&#8221; hover_background_color=&#8221;custom&#8221; hover_btn_title=&#8221;Rangzen Movimento Free Tibete Natal&#8221; hover_btn_color=&#8221;danger&#8221; hover_add_button=&#8221;true&#8221; hover_custom_background=&#8221;#ffd200&#8243; css=&#8221;.vc_custom_1581937648793{padding-top: 20px !important;}&#8221; hover_btn_link=&#8221;url:http%3A%2F%2Frangzenufrn.weebly.com%2F&#8221;][\/vc_hoverbox][\/vc_column_inner][vc_column_inner width=&#8221;1\/4&#8243;][vc_hoverbox image=&#8221;13281&#8243; primary_title=&#8221;&#8221; hover_title=&#8221;&#8221; shape=&#8221;square&#8221; hover_background_color=&#8221;custom&#8221; hover_btn_title=&#8221;Bay Area Friends of Tibet&#8221; hover_btn_color=&#8221;danger&#8221; hover_add_button=&#8221;true&#8221; hover_custom_background=&#8221;#ffd200&#8243; css=&#8221;.vc_custom_1581937673720{padding-top: 20px !important;}&#8221; hover_btn_link=&#8221;url:http%3A%2F%2Fwww.friends-of-tibet.org%2F&#8221;][\/vc_hoverbox][\/vc_column_inner][\/vc_row_inner][vc_row_inner][vc_column_inner width=&#8221;1\/4&#8243;][vc_hoverbox image=&#8221;13282&#8243; primary_title=&#8221;&#8221; hover_title=&#8221;&#8221; shape=&#8221;square&#8221; hover_background_color=&#8221;custom&#8221; hover_btn_title=&#8221;Tibet Mx&#8221; hover_btn_color=&#8221;danger&#8221; hover_add_button=&#8221;true&#8221; hover_custom_background=&#8221;#ffd200&#8243; css=&#8221;.vc_custom_1581937695825{padding-top: 20px !important;}&#8221; hover_btn_link=&#8221;#&#8221;][\/vc_hoverbox][\/vc_column_inner][vc_column_inner width=&#8221;1\/4&#8243;][vc_hoverbox image=&#8221;13283&#8243; primary_title=&#8221;&#8221; hover_title=&#8221;&#8221; shape=&#8221;square&#8221; hover_background_color=&#8221;custom&#8221; hover_btn_title=&#8221;Canada Tibet Committee&#8221; hover_btn_color=&#8221;danger&#8221; hover_add_button=&#8221;true&#8221; hover_custom_background=&#8221;#ffd200&#8243; css=&#8221;.vc_custom_1581937725775{padding-top: 20px !important;}&#8221; hover_btn_link=&#8221;url:http%3A%2F%2Ftibet.ca%2F&#8221;][\/vc_hoverbox][\/vc_column_inner][vc_column_inner width=&#8221;1\/4&#8243;][vc_hoverbox image=&#8221;13284&#8243; primary_title=&#8221;&#8221; hover_title=&#8221;&#8221; shape=&#8221;square&#8221; hover_background_color=&#8221;custom&#8221; hover_btn_title=&#8221;Tibet Initiative Deutschland&#8221; hover_btn_color=&#8221;danger&#8221; hover_add_button=&#8221;true&#8221; hover_custom_background=&#8221;#ffd200&#8243; css=&#8221;.vc_custom_1581937759080{padding-top: 20px !important;background-color: #ffffff !important;}&#8221; hover_btn_link=&#8221;url:https%3A%2F%2Fwww.tibet-initiative.de%2F&#8221;][\/vc_hoverbox][\/vc_column_inner][vc_column_inner width=&#8221;1\/4&#8243;][vc_hoverbox image=&#8221;13285&#8243; primary_title=&#8221;&#8221; hover_title=&#8221;&#8221; shape=&#8221;square&#8221; hover_background_color=&#8221;custom&#8221; hover_btn_title=&#8221;Tibetan Womens Association&#8221; hover_btn_color=&#8221;danger&#8221; hover_add_button=&#8221;true&#8221; hover_custom_background=&#8221;#ffd200&#8243; css=&#8221;.vc_custom_1581937786720{padding-top: 20px !important;}&#8221; hover_btn_link=&#8221;url:http%3A%2F%2Ftibetanwomen.org%2F&#8221;][\/vc_hoverbox][\/vc_column_inner][\/vc_row_inner][\/vc_column][\/vc_row]\n<\/div>","protected":false},"excerpt":{"rendered":"<p>[vc_row][vc_column][layerslider_vc id=&#8221;19&#8243;][\/vc_column][\/vc_row][vc_row margintop=&#8221;50&#8243; marginbottom=&#8221;20&#8243; paddingtop=&#8221;0&#8243; paddingbottom=&#8221;0&#8243; css=&#8221;.vc_custom_1581948410780{margin-top: 20px !important;margin-bottom: 20px !important;background-color: #ffffff !important;}&#8221;][vc_column width=&#8221;1\/6&#8243;][\/vc_column][vc_column width=&#8221;2\/3&#8243;][vc_empty_space height=&#8221;64px&#8221;][vc_column_text el_class=&#8221;largertxt&#8221;]Libertad a los H\u00e9roes Tibetanos es una campa\u00f1a global que destaca a los tibetanos que, como tantos tibetanos, han arriesgado su propia libertad para defender los derechos de su pueblo y resistir las pol\u00edticas chinas en T\u00edbet. Son verdaderos&#8230;<\/p>\n","protected":false},"author":1,"featured_media":13791,"parent":0,"menu_order":31,"comment_status":"closed","ping_status":"open","template":"page-full.php","meta":{"footnotes":""},"class_list":["post-13847","page","type-page","status-publish","has-post-thumbnail","hentry"],"aioseo_notices":[],"_links":{"self":[{"href":"https:\/\/freetibetanheroes.org\/freedom101\/wp-json\/wp\/v2\/pages\/13847","targetHints":{"allow":["GET"]}}],"collection":[{"href":"https:\/\/freetibetanheroes.org\/freedom101\/wp-json\/wp\/v2\/pages"}],"about":[{"href":"https:\/\/freetibetanheroes.org\/freedom101\/wp-json\/wp\/v2\/types\/page"}],"author":[{"embeddable":true,"href":"https:\/\/freetibetanheroes.org\/freedom101\/wp-json\/wp\/v2\/users\/1"}],"replies":[{"embeddable":true,"href":"https:\/\/freetibetanheroes.org\/freedom101\/wp-json\/wp\/v2\/comments?post=13847"}],"version-history":[{"count":10,"href":"https:\/\/freetibetanheroes.org\/freedom101\/wp-json\/wp\/v2\/pages\/13847\/revisions"}],"predecessor-version":[{"id":14057,"href":"https:\/\/freetibetanheroes.org\/freedom101\/wp-json\/wp\/v2\/pages\/13847\/revisions\/14057"}],"wp:featuredmedia":[{"embeddable":true,"href":"https:\/\/freetibetanheroes.org\/freedom101\/wp-json\/wp\/v2\/media\/13791"}],"wp:attachment":[{"href":"https:\/\/freetibetanheroes.org\/freedom101\/wp-json\/wp\/v2\/media?parent=13847"}],"curies":[{"name":"wp","href":"https:\/\/api.w.org\/{rel}","templated":true}]}}