{"id":13852,"date":"2021-09-21T13:06:27","date_gmt":"2021-09-21T12:06:27","guid":{"rendered":"https:\/\/freetibetanheroes.org\/?page_id=13852"},"modified":"2021-09-22T12:02:36","modified_gmt":"2021-09-22T11:02:36","slug":"sobre-nosotros-enlaces","status":"publish","type":"page","link":"https:\/\/freetibetanheroes.org\/freedom101\/es\/sobre-nosotros-enlaces\/","title":{"rendered":"Sobre Nosotros &#038; Enlaces"},"content":{"rendered":"<div class=\"wpb-content-wrapper\">[vc_row gap=&#8221;30&#8243; css=&#8221;.vc_custom_1589275965901{margin-top: 32px !important;}&#8221;][vc_column width=&#8221;2\/3&#8243;][vc_column_text]\n<h2>Sobre Nosotros &amp; Enlaces<\/h2>\n<p>Libertad a los H\u00e9roes Tibetanos es una campa\u00f1a global dise\u00f1ada para destacar los casos de presos pol\u00edticos tibetanos y tomar medidas para su liberaci\u00f3n. Los grupos T\u00edbet que participan en el grupo de trabajo incluyen:<\/p>\n<ul>\n<li><a href=\"https:\/\/tibetnetwork.org\/\">International Tibet Network<\/a><\/li>\n<li><a href=\"https:\/\/www.atc.org.au\/\">Australia Tibet Council<\/a><\/li>\n<li><a href=\"http:\/\/www.gu-chu-sum.org\/\">Gu Chu Sum<\/a><\/li>\n<li><a href=\"https:\/\/www.studentsforafreetibet.org\/\">Students for a Free Tibet<\/a><\/li>\n<li><a href=\"https:\/\/www.tibet-initiative.de\/\">Tibet Initiative Deutschland<\/a><\/li>\n<li><a href=\"https:\/\/tibetsociety.com\/\">Tibet Society<\/a><\/li>\n<li><a href=\"https:\/\/tibetanwomen.org\/\">Tibetan Women&#8217;s Association<\/a><\/li>\n<\/ul>\n<h2>Encuentra a un Grupo Tibet en tu \u00c1rea<\/h2>\n<p>La Red Internacional del T\u00edbet es una coalici\u00f3n global de casi 200 grupos Tibet en todo el mundo, quienes se esfuerzan por poner fin a los abusos de los derechos humanos en T\u00edbet y devolver los derechos pol\u00edticos al pueblo tibetano.<\/p>\n<p><a href=\"https:\/\/tibetnetwork.org\/find-a-tibet-group\/\"><img loading=\"lazy\" decoding=\"async\" class=\"alignnone size-full wp-image-12115\" src=\"https:\/\/freetibetanheroes.org\/freedom101\/wp-content\/uploads\/2011\/07\/find-a-group.jpg\" alt=\"Encuentra a un Grupo Tibet\" width=\"607\" height=\"368\" srcset=\"https:\/\/freetibetanheroes.org\/freedom101\/wp-content\/uploads\/2011\/07\/find-a-group.jpg 607w, https:\/\/freetibetanheroes.org\/freedom101\/wp-content\/uploads\/2011\/07\/find-a-group-300x181.jpg 300w\" sizes=\"auto, (max-width: 607px) 100vw, 607px\" \/><\/a><\/p>\n<p>Ayuda hoy a fortalecer al Movimiento Tibetano &#8211; <a href=\"https:\/\/tibetnetwork.org\/find-a-tibet-group\/\">Encuentra a un grupo en tu \u00e1rea<\/a>[\/vc_column_text][\/vc_column][vc_column width=&#8221;1\/3&#8243;][vc_column_text css=&#8221;.vc_custom_1632224332847{padding-bottom: 24px !important;}&#8221;]\n<h3>Dedicaci\u00f3n del Sitio web<\/h3>\n<h4>Este sitio web est\u00e1 dedicado a todos los H\u00e9roes Tibetanos y es mantenido por la Red Internacional del T\u00edbet.<\/h4>\n[\/vc_column_text][vc_column_text css=&#8221;.vc_custom_1632224364787{padding-bottom: 24px !important;}&#8221;]\n<h3>Sobre Nosotros<\/h3>\n<p>La Red Internacional del T\u00edbet es una coalici\u00f3n global de organizaciones no gubernamentales relacionadas con el T\u00edbet. Trabajamos para maximizar la efectividad del movimiento mundial de T\u00edbet.<\/p>\n<p>Las organizaciones Miembros de la Red tienen posiciones variadas sobre el futuro del estatus pol\u00edtico de T\u00edbet, pero todas consideran a T\u00edbet como un pa\u00eds ocupado y est\u00e1n dedicadas a poner fin a las violaciones de los derechos humanos en T\u00edbet y a trabajar activamente para restaurar los derechos del pueblo tibetano bajo el derecho internacional para determinar sus propias pol\u00edticas, situaci\u00f3n econ\u00f3mica, social, religiosa y cultural.[\/vc_column_text][vc_single_image image=&#8221;13633&#8243; img_size=&#8221;large&#8221; alignment=&#8221;center&#8221;][\/vc_column][\/vc_row][vc_row css=&#8221;.vc_custom_1589274995264{padding-top: 32px !important;}&#8221;][vc_column width=&#8221;2\/3&#8243;][vc_column_text]\n<h2>Mayor Informaci\u00f3n sobre Prisioneros Pol\u00edticos<\/h2>\n<p>Hay cientos de presos pol\u00edticos tibetanos conocidos y se cree que muchos m\u00e1s est\u00e1n &#8220;perdidos&#8221; o desaparecidos. Solo en 2011 hubo 230 casos conocidos de tibetanos que fueron arrestados y detenidos. Obten m\u00e1s informaci\u00f3n sobre los presos pol\u00edticos tibetanos de las siguientes organizaciones:<\/p>\n<ul>\n<li><a href=\"https:\/\/tchrd.org\/\">Tibetan Centre for Human Rights and Democracy<\/a><\/li>\n<li><a title=\"Committee to Protect Journalists \u2014 An open plea: Xi and Obama can accomplish one thing\" href=\"http:\/\/www.gu-chu-sum.org\/\">Gu Chu Sum<\/a><\/li>\n<li><a href=\"http:\/\/www.missingvoices.net\/\">Missing Voices &#8211; International Campaign for Tibet<\/a><\/li>\n<li><a href=\"http:\/\/www.leavingfearbehind.com\">Leaving Fear Behind<\/a><\/li>\n<li><a href=\"https:\/\/www.cecc.gov\/index.php\">Congressional &#8211; Executive Commission on China<\/a><\/li>\n<\/ul>\n[\/vc_column_text][\/vc_column][vc_column width=&#8221;1\/3&#8243;][vc_column_text]\n<h2>Conocimientos Especializados en Derechos Humanos<\/h2>\n<p><span style=\"line-height: 1.5em;\">Para obtener m\u00e1s informaci\u00f3n sobre otros grupos que trabaja para proteger la justicia, la libertad, la verdad y la dignidad, sigue las siguientes organizaciones:<\/span><\/p>\n<ul>\n<li><a href=\"https:\/\/www.amnesty.org\/es\/search\/dui%20hua\/\">Dui Hua<\/a><\/li>\n<li><a href=\"https:\/\/www.amnesty.org\/es\/\">Amnesty International<\/a><\/li>\n<li><a href=\"https:\/\/www.hrw.org\/\">Human Rights Watch<\/a><\/li>\n<\/ul>\n[\/vc_column_text][\/vc_column][\/vc_row][vc_row gap=&#8221;20&#8243; equal_height=&#8221;yes&#8221; row_font_color=&#8221;#ffffff&#8221; css=&#8221;.vc_custom_1589274986320{padding-top: 32px !important;padding-bottom: 32px !important;}&#8221; el_class=&#8221;whitehead&#8221;][vc_column][vc_column_text]\n<h2>La Red Internacional del T\u00edbet apoya al Movimiento Tibetano para desarrollar y fortalecer campa\u00f1as globales. Esta campa\u00f1a ha sido dise\u00f1ada por un grupo de trabajo de campa\u00f1a con los siguientes miembros activos:<\/h2>\n[\/vc_column_text][vc_row_inner][vc_column_inner width=&#8221;1\/4&#8243;][vc_hoverbox image=&#8221;13271&#8243; primary_title=&#8221;&#8221; hover_title=&#8221;&#8221; shape=&#8221;square&#8221; hover_background_color=&#8221;custom&#8221; hover_btn_title=&#8221;Students for a Free Tibet&#8221; hover_btn_color=&#8221;danger&#8221; hover_add_button=&#8221;true&#8221; hover_custom_background=&#8221;#ffd200&#8243; css=&#8221;.vc_custom_1581936696387{padding-top: 20px !important;}&#8221; hover_btn_link=&#8221;url:https%3A%2F%2Fwww.studentsforafreetibet.org%2F&#8221;][\/vc_hoverbox][\/vc_column_inner][vc_column_inner width=&#8221;1\/4&#8243;][vc_hoverbox image=&#8221;13273&#8243; primary_title=&#8221;&#8221; hover_title=&#8221;&#8221; shape=&#8221;square&#8221; hover_background_color=&#8221;custom&#8221; hover_btn_title=&#8221;Free Tibet&#8221; hover_btn_color=&#8221;danger&#8221; hover_add_button=&#8221;true&#8221; hover_custom_background=&#8221;#ffd200&#8243; css=&#8221;.vc_custom_1581936774891{padding-top: 20px !important;}&#8221; hover_btn_link=&#8221;url:https%3A%2F%2Fwww.freetibet.org%2F&#8221;][\/vc_hoverbox][\/vc_column_inner][vc_column_inner width=&#8221;1\/4&#8243;][vc_hoverbox image=&#8221;13274&#8243; primary_title=&#8221;&#8221; hover_title=&#8221;&#8221; shape=&#8221;square&#8221; hover_background_color=&#8221;custom&#8221; hover_btn_title=&#8221;Tibet Society&#8221; hover_btn_color=&#8221;danger&#8221; hover_add_button=&#8221;true&#8221; hover_custom_background=&#8221;#ffd200&#8243; css=&#8221;.vc_custom_1581936806839{padding-top: 20px !important;}&#8221; hover_btn_link=&#8221;url:http%3A%2F%2Fwww.tibetsociety.com%2F&#8221;][\/vc_hoverbox][\/vc_column_inner][vc_column_inner width=&#8221;1\/4&#8243;][vc_hoverbox image=&#8221;13275&#8243; primary_title=&#8221;&#8221; hover_title=&#8221;&#8221; shape=&#8221;square&#8221; hover_background_color=&#8221;custom&#8221; hover_btn_title=&#8221;Svenska Tibet Kommitten&#8221; hover_btn_color=&#8221;danger&#8221; hover_add_button=&#8221;true&#8221; hover_custom_background=&#8221;#ffd200&#8243; css=&#8221;.vc_custom_1581936838158{padding-top: 20px !important;}&#8221; hover_btn_link=&#8221;url:http%3A%2F%2Fwww.tibet.se%2F&#8221;][\/vc_hoverbox][\/vc_column_inner][\/vc_row_inner][vc_row_inner][vc_column_inner width=&#8221;1\/4&#8243;][vc_hoverbox image=&#8221;13278&#8243; primary_title=&#8221;&#8221; hover_title=&#8221;&#8221; shape=&#8221;square&#8221; hover_background_color=&#8221;custom&#8221; hover_btn_title=&#8221;Lungta&#8221; hover_btn_color=&#8221;danger&#8221; hover_add_button=&#8221;true&#8221; hover_custom_background=&#8221;#ffd200&#8243; css=&#8221;.vc_custom_1581937595151{padding-top: 20px !important;}&#8221; hover_btn_link=&#8221;url:http%3A%2F%2Fwww.lungta.cz%2F&#8221;][\/vc_hoverbox][\/vc_column_inner][vc_column_inner width=&#8221;1\/4&#8243;][vc_hoverbox image=&#8221;13279&#8243; primary_title=&#8221;&#8221; hover_title=&#8221;&#8221; shape=&#8221;square&#8221; hover_background_color=&#8221;custom&#8221; hover_btn_title=&#8221;Australia Tibet Council&#8221; hover_btn_color=&#8221;danger&#8221; hover_add_button=&#8221;true&#8221; hover_custom_background=&#8221;#ffd200&#8243; css=&#8221;.vc_custom_1581937621854{padding-top: 20px !important;}&#8221; hover_btn_link=&#8221;url:https%3A%2F%2Fwww.atc.org.au%2F&#8221;][\/vc_hoverbox][\/vc_column_inner][vc_column_inner width=&#8221;1\/4&#8243;][vc_hoverbox image=&#8221;13280&#8243; primary_title=&#8221;&#8221; hover_title=&#8221;&#8221; shape=&#8221;square&#8221; hover_background_color=&#8221;custom&#8221; hover_btn_title=&#8221;Rangzen Movimento Free Tibete Natal&#8221; hover_btn_color=&#8221;danger&#8221; hover_add_button=&#8221;true&#8221; hover_custom_background=&#8221;#ffd200&#8243; css=&#8221;.vc_custom_1581937648793{padding-top: 20px !important;}&#8221; hover_btn_link=&#8221;url:http%3A%2F%2Frangzenufrn.weebly.com%2F&#8221;][\/vc_hoverbox][\/vc_column_inner][vc_column_inner width=&#8221;1\/4&#8243;][vc_hoverbox image=&#8221;13281&#8243; primary_title=&#8221;&#8221; hover_title=&#8221;&#8221; shape=&#8221;square&#8221; hover_background_color=&#8221;custom&#8221; hover_btn_title=&#8221;Bay Area Friends of Tibet&#8221; hover_btn_color=&#8221;danger&#8221; hover_add_button=&#8221;true&#8221; hover_custom_background=&#8221;#ffd200&#8243; css=&#8221;.vc_custom_1581937673720{padding-top: 20px !important;}&#8221; hover_btn_link=&#8221;url:http%3A%2F%2Fwww.friends-of-tibet.org%2F&#8221;][\/vc_hoverbox][\/vc_column_inner][\/vc_row_inner][vc_row_inner][vc_column_inner width=&#8221;1\/4&#8243;][vc_hoverbox image=&#8221;13282&#8243; primary_title=&#8221;&#8221; hover_title=&#8221;&#8221; shape=&#8221;square&#8221; hover_background_color=&#8221;custom&#8221; hover_btn_title=&#8221;Tibet Mx&#8221; hover_btn_color=&#8221;danger&#8221; hover_add_button=&#8221;true&#8221; hover_custom_background=&#8221;#ffd200&#8243; css=&#8221;.vc_custom_1581937695825{padding-top: 20px !important;}&#8221; hover_btn_link=&#8221;#&#8221;][\/vc_hoverbox][\/vc_column_inner][vc_column_inner width=&#8221;1\/4&#8243;][vc_hoverbox image=&#8221;13283&#8243; primary_title=&#8221;&#8221; hover_title=&#8221;&#8221; shape=&#8221;square&#8221; hover_background_color=&#8221;custom&#8221; hover_btn_title=&#8221;Canada Tibet Committee&#8221; hover_btn_color=&#8221;danger&#8221; hover_add_button=&#8221;true&#8221; hover_custom_background=&#8221;#ffd200&#8243; css=&#8221;.vc_custom_1581937725775{padding-top: 20px !important;}&#8221; hover_btn_link=&#8221;url:http%3A%2F%2Ftibet.ca%2F&#8221;][\/vc_hoverbox][\/vc_column_inner][vc_column_inner width=&#8221;1\/4&#8243;][vc_hoverbox image=&#8221;13284&#8243; primary_title=&#8221;&#8221; hover_title=&#8221;&#8221; shape=&#8221;square&#8221; hover_background_color=&#8221;custom&#8221; hover_btn_title=&#8221;Tibet Initiative Deutschland&#8221; hover_btn_color=&#8221;danger&#8221; hover_add_button=&#8221;true&#8221; hover_custom_background=&#8221;#ffd200&#8243; css=&#8221;.vc_custom_1581937759080{padding-top: 20px !important;background-color: #ffffff !important;}&#8221; hover_btn_link=&#8221;url:https%3A%2F%2Fwww.tibet-initiative.de%2F&#8221;][\/vc_hoverbox][\/vc_column_inner][vc_column_inner width=&#8221;1\/4&#8243;][vc_hoverbox image=&#8221;13285&#8243; primary_title=&#8221;&#8221; hover_title=&#8221;&#8221; shape=&#8221;square&#8221; hover_background_color=&#8221;custom&#8221; hover_btn_title=&#8221;Tibetan Womens Association&#8221; hover_btn_color=&#8221;danger&#8221; hover_add_button=&#8221;true&#8221; hover_custom_background=&#8221;#ffd200&#8243; css=&#8221;.vc_custom_1581937786720{padding-top: 20px !important;}&#8221; hover_btn_link=&#8221;url:http%3A%2F%2Ftibetanwomen.org%2F&#8221;][\/vc_hoverbox][\/vc_column_inner][\/vc_row_inner][\/vc_column][\/vc_row]\n<\/div>","protected":false},"excerpt":{"rendered":"<p>[vc_row gap=&#8221;30&#8243; css=&#8221;.vc_custom_1589275965901{margin-top: 32px !important;}&#8221;][vc_column width=&#8221;2\/3&#8243;][vc_column_text] Sobre Nosotros &amp; Enlaces Libertad a los H\u00e9roes Tibetanos es una campa\u00f1a global dise\u00f1ada para destacar los casos de presos pol\u00edticos tibetanos y tomar medidas para su liberaci\u00f3n. Los grupos T\u00edbet que participan en el grupo de trabajo incluyen: International Tibet Network Australia Tibet Council Gu Chu Sum Students&#8230;<\/p>\n","protected":false},"author":1,"featured_media":0,"parent":0,"menu_order":32,"comment_status":"closed","ping_status":"closed","template":"page-full.php","meta":{"footnotes":""},"class_list":["post-13852","page","type-page","status-publish","hentry"],"aioseo_notices":[],"_links":{"self":[{"href":"https:\/\/freetibetanheroes.org\/freedom101\/wp-json\/wp\/v2\/pages\/13852","targetHints":{"allow":["GET"]}}],"collection":[{"href":"https:\/\/freetibetanheroes.org\/freedom101\/wp-json\/wp\/v2\/pages"}],"about":[{"href":"https:\/\/freetibetanheroes.org\/freedom101\/wp-json\/wp\/v2\/types\/page"}],"author":[{"embeddable":true,"href":"https:\/\/freetibetanheroes.org\/freedom101\/wp-json\/wp\/v2\/users\/1"}],"replies":[{"embeddable":true,"href":"https:\/\/freetibetanheroes.org\/freedom101\/wp-json\/wp\/v2\/comments?post=13852"}],"version-history":[{"count":4,"href":"https:\/\/freetibetanheroes.org\/freedom101\/wp-json\/wp\/v2\/pages\/13852\/revisions"}],"predecessor-version":[{"id":13891,"href":"https:\/\/freetibetanheroes.org\/freedom101\/wp-json\/wp\/v2\/pages\/13852\/revisions\/13891"}],"wp:attachment":[{"href":"https:\/\/freetibetanheroes.org\/freedom101\/wp-json\/wp\/v2\/media?parent=13852"}],"curies":[{"name":"wp","href":"https:\/\/api.w.org\/{rel}","templated":true}]}}