{"id":13868,"date":"2021-09-21T13:45:38","date_gmt":"2021-09-21T12:45:38","guid":{"rendered":"https:\/\/freetibetanheroes.org\/?page_id=13868"},"modified":"2021-09-21T13:45:38","modified_gmt":"2021-09-21T12:45:38","slug":"toma-accion","status":"publish","type":"page","link":"https:\/\/freetibetanheroes.org\/freedom101\/es\/toma-accion\/","title":{"rendered":"Toma Acci\u00f3n"},"content":{"rendered":"<div class=\"wpb-content-wrapper\">[vc_row css=&#8221;.vc_custom_1581433131768{margin-top: 30px !important;margin-bottom: 30px !important;}&#8221;][vc_column][vc_column_text]\n<h3>En la actualidad, innumerables presos pol\u00edticos tibetanos se encuentran recluidos en prisiones chinas. La tortura de prisioneros en T\u00edbet es end\u00e9mica y las autoridades chinas la utilizan sistem\u00e1tica y rutinariamente contra los tibetanos.<\/h3>\n<h3><strong>ACT\u00daA para presionar por su liberaci\u00f3n.<\/strong><\/h3>\n[\/vc_column_text][\/vc_column][\/vc_row][vc_row][vc_column width=&#8221;1\/2&#8243; el_class=&#8221;boxcss&#8221;]<div class=\"box-title-wrap mx-auto flex items-center justify-between mb-6 el-1  \" ><style type=\"text\/css\" scoped=\"scoped\">.box-title-wrap.el-1 .box-title-content {font-size: 30px;color: #ffffff;background-color:;font-weight:normal;}.box-title-wrap.el-1 .box-title-content a {color: #ffffff;}.box-title-wrap.el-1 .box-title-left-border, .box-title-wrap.el-1 .box-title-right-border {background-color:#ebebeb;}<\/style><div class=\"box-title-left-border  flex-1 h-px bg-gray-400\"><\/div><div class=\"box-title-content flex-none max-w-full px-4  leading-tight uppercase\">Lhundrub Drakpa<\/div><div class=\"box-title-right-border   flex-1 h-px bg-gray-400\"><\/div><\/div>[vc_column_text css_animation=&#8221;bottom-to-top&#8221; css=&#8221;.vc_custom_1632227858732{padding-bottom: 20px !important;}&#8221;]\n<h3>Cantante tibetano encarcelado \u2013 En riesgo de sufrir m\u00e1s tortura<\/h3>\n<p><img loading=\"lazy\" decoding=\"async\" class=\"wp-image-13675 size-full aligncenter\" src=\"https:\/\/freetibetanheroes.org\/freedom101\/wp-content\/uploads\/2020\/11\/FTH_Profile_2020_LhundrubDrakpa.png\" alt=\"\" width=\"220\" height=\"161\" \/><\/p>\n<p>Lhundrub Drakpa, un popular cantante tibetano, fue sentenciado a seis a\u00f1os de prisi\u00f3n en junio de 2020. Fue detenido despu\u00e9s de que publicara una canci\u00f3n sobre la represi\u00f3n que enfrentan los tibetanos bajo la ocupaci\u00f3n de China.[\/vc_column_text][vc_button title=&#8221;TOMA ACCI\u00d3N AHORA&#8221; size=&#8221;large&#8221; href=&#8221;https:\/\/actions.tibetnetwork.org\/es-ES\/libertad-lhundrub-drakpa&#8221;][vc_row_inner][vc_column_inner][\/vc_column_inner][\/vc_row_inner][\/vc_column][vc_column width=&#8221;1\/2&#8243; el_class=&#8221;boxcssright&#8221;]<div class=\"box-title-wrap mx-auto flex items-center justify-between mb-6 el-2  \" ><style type=\"text\/css\" scoped=\"scoped\">.box-title-wrap.el-2 .box-title-content {font-size: 30px;color: #ffffff;background-color:;font-weight:normal;}.box-title-wrap.el-2 .box-title-content a {color: #ffffff;}.box-title-wrap.el-2 .box-title-left-border, .box-title-wrap.el-2 .box-title-right-border {background-color:#ebebeb;}<\/style><div class=\"box-title-left-border  flex-1 h-px bg-gray-400\"><\/div><div class=\"box-title-content flex-none max-w-full px-4  leading-tight uppercase\">A-Nya Sengdra<\/div><div class=\"box-title-right-border   flex-1 h-px bg-gray-400\"><\/div><\/div>[vc_column_text css_animation=&#8221;bottom-to-top&#8221; css=&#8221;.vc_custom_1632227956181{padding-bottom: 20px !important;}&#8221;]\n<h3>A-Nya Sengdra: Activista por el medioambiental encarcelado por siete a\u00f1os.<\/h3>\n<p><img loading=\"lazy\" decoding=\"async\" class=\"wp-image-13549 size-full aligncenter\" src=\"https:\/\/freetibetanheroes.org\/freedom101\/wp-content\/uploads\/2020\/04\/FTH_Thumb_2020_A-NyaSengdra.jpg\" alt=\"A-Nya Sengdra\" width=\"220\" height=\"161\" \/><\/p>\n<p>A-Nya Sengdra, un n\u00f3mada tibetano y activista ambiental del este de T\u00edbet arrestado y acusado de cargos falsos relacionados con su activismo pac\u00edfico como ambientalista, l\u00edder comunitario y activista anticorrupci\u00f3n.[\/vc_column_text][vc_button title=&#8221;TOMA ACCI\u00d3N AHORA&#8221; size=&#8221;large&#8221; href=&#8221;https:\/\/actions.tibetnetwork.org\/release-tibetan-environment-activist-nya-sengdra&#8221;][vc_row_inner][vc_column_inner][\/vc_column_inner][\/vc_row_inner][\/vc_column][\/vc_row][vc_row margintop=&#8221;0&#8243; marginbottom=&#8221;0&#8243; paddingtop=&#8221;0&#8243; paddingbottom=&#8221;0&#8243; bg_color=&#8221;#fff&#8221;][vc_column width=&#8221;1\/2&#8243; el_class=&#8221;boxcss&#8221;]<div class=\"box-title-wrap mx-auto flex items-center justify-between mb-6 el-3  \" ><style type=\"text\/css\" scoped=\"scoped\">.box-title-wrap.el-3 .box-title-content {font-size: 30px;color: #ffffff;background-color:;font-weight:normal;}.box-title-wrap.el-3 .box-title-content a {color: #ffffff;}.box-title-wrap.el-3 .box-title-left-border, .box-title-wrap.el-3 .box-title-right-border {background-color:#ebebeb;}<\/style><div class=\"box-title-left-border  flex-1 h-px bg-gray-400\"><\/div><div class=\"box-title-content flex-none max-w-full px-4  leading-tight uppercase\">Tashi Wangchuk<\/div><div class=\"box-title-right-border   flex-1 h-px bg-gray-400\"><\/div><\/div>[vc_column_text css_animation=&#8221;bottom-to-top&#8221; css=&#8221;.vc_custom_1632228092725{padding-bottom: 20px !important;}&#8221;]\n<h3>China: Libera inmediatamente al activista por los derechos del idioma tibetano<\/h3>\n<p><img loading=\"lazy\" decoding=\"async\" class=\"aligncenter wp-image-13238\" src=\"https:\/\/freetibetanheroes.org\/freedom101\/wp-content\/uploads\/2016\/12\/Heroes_TashiWangchuk_yellowbg2-300x204.jpg\" alt=\"Tashi Wangchuk\" width=\"220\" height=\"150\" srcset=\"https:\/\/freetibetanheroes.org\/freedom101\/wp-content\/uploads\/2016\/12\/Heroes_TashiWangchuk_yellowbg2-300x204.jpg 300w, https:\/\/freetibetanheroes.org\/freedom101\/wp-content\/uploads\/2016\/12\/Heroes_TashiWangchuk_yellowbg2.jpg 441w\" sizes=\"auto, (max-width: 220px) 100vw, 220px\" \/><\/p>\n<p>Tashi Wangchuk, un joven empresario tibetano y defensor de los derechos ling\u00fc\u00edsticos ha sido condenado a cinco a\u00f1os de prisi\u00f3n por &#8220;incitar al separatismo&#8221;.[\/vc_column_text][vc_button title=&#8221;TOMA ACCI\u00d3N AHORA&#8221; size=&#8221;large&#8221; href=&#8221;https:\/\/actions.tibetnetwork.org\/es\/libertad-para-tashi-wangchuk&#8221;][vc_row_inner][vc_column_inner][\/vc_column_inner][\/vc_row_inner][\/vc_column][vc_column width=&#8221;1\/2&#8243; el_class=&#8221;boxcssright&#8221;]<div class=\"box-title-wrap mx-auto flex items-center justify-between mb-6 el-4  \" ><style type=\"text\/css\" scoped=\"scoped\">.box-title-wrap.el-4 .box-title-content {font-size: 30px;color: #ffffff;background-color:;font-weight:normal;}.box-title-wrap.el-4 .box-title-content a {color: #ffffff;}.box-title-wrap.el-4 .box-title-left-border, .box-title-wrap.el-4 .box-title-right-border {background-color:#ebebeb;}<\/style><div class=\"box-title-left-border  flex-1 h-px bg-gray-400\"><\/div><div class=\"box-title-content flex-none max-w-full px-4  leading-tight uppercase\">Lhamo Kyab<\/div><div class=\"box-title-right-border   flex-1 h-px bg-gray-400\"><\/div><\/div>[vc_column_text css_animation=&#8221;bottom-to-top&#8221; css=&#8221;.vc_custom_1632228207399{padding-bottom: 20px !important;}&#8221;]\n<h3>Una muy respetada maestra de escuela primaria sentenciada a 15 a\u00f1os en presi\u00f3n<\/h3>\n<p><img loading=\"lazy\" decoding=\"async\" class=\"wp-image-13554 size-full aligncenter\" src=\"https:\/\/freetibetanheroes.org\/freedom101\/wp-content\/uploads\/2020\/04\/FTH_Thumb_2020_LhamoKyab.jpg\" alt=\"Lhamo Kyab\" width=\"220\" height=\"161\" \/><\/p>\n<p>Lhamo Kyab fue secuestrada a altas horas de la noche en 2008 acusada de &#8220;poner en peligro la seguridad del Estado&#8221; en torno al levantamiento tibetano de 2008. Lhamo Kyab estuvo recluida en secreto durante casi 2 a\u00f1os antes de ser sentenciada.[\/vc_column_text][vc_button title=&#8221;TOMA ACCI\u00d3N AHORA&#8221; size=&#8221;large&#8221; href=&#8221;https:\/\/actions.tibetnetwork.org\/free-lhamo-kyab&#8221;][vc_row_inner][vc_column_inner][\/vc_column_inner][\/vc_row_inner][\/vc_column][\/vc_row][vc_row][vc_column width=&#8221;1\/2&#8243; el_class=&#8221;boxcss&#8221;]<div class=\"box-title-wrap mx-auto flex items-center justify-between mb-6 el-5  \" ><style type=\"text\/css\" scoped=\"scoped\">.box-title-wrap.el-5 .box-title-content {font-size: 30px;color: #ffffff;background-color:;font-weight:normal;}.box-title-wrap.el-5 .box-title-content a {color: #ffffff;}.box-title-wrap.el-5 .box-title-left-border, .box-title-wrap.el-5 .box-title-right-border {background-color:#ebebeb;}<\/style><div class=\"box-title-left-border  flex-1 h-px bg-gray-400\"><\/div><div class=\"box-title-content flex-none max-w-full px-4  leading-tight uppercase\">Yeshe Choedron<\/div><div class=\"box-title-right-border   flex-1 h-px bg-gray-400\"><\/div><\/div>[vc_column_text css_animation=&#8221;bottom-to-top&#8221; css=&#8221;.vc_custom_1632228290718{padding-bottom: 20px !important;}&#8221;]\n<h3>Una m\u00e9dico jubilada que cumple una condena de 15 a\u00f1os<\/h3>\n<p><img loading=\"lazy\" decoding=\"async\" class=\"wp-image-13564 size-full aligncenter\" src=\"https:\/\/freetibetanheroes.org\/freedom101\/wp-content\/uploads\/2020\/04\/FTH_Thumb_2020_YesheChoedron.jpg\" alt=\"Yeshe Choedron\" width=\"220\" height=\"161\" \/><\/p>\n<p>Yeshe Choedron ha estado en prisi\u00f3n desde 2008, acusada de enviar &#8220;inteligencia&#8221; a los tibetanos en el exilio. Actualmente, sus hijos no pueden visitarla.[\/vc_column_text][vc_button title=&#8221;TOMA ACCI\u00d3N AHORA&#8221; size=&#8221;large&#8221; href=&#8221;https:\/\/actions.tibetnetwork.org\/release-yeshe-choedron&#8221;][vc_row_inner][vc_column_inner][\/vc_column_inner][\/vc_row_inner][\/vc_column][vc_column width=&#8221;1\/2&#8243;][\/vc_column][\/vc_row]\n<\/div>","protected":false},"excerpt":{"rendered":"<p>[vc_row css=&#8221;.vc_custom_1581433131768{margin-top: 30px !important;margin-bottom: 30px !important;}&#8221;][vc_column][vc_column_text] En la actualidad, innumerables presos pol\u00edticos tibetanos se encuentran recluidos en prisiones chinas. La tortura de prisioneros en T\u00edbet es end\u00e9mica y las autoridades chinas la utilizan sistem\u00e1tica y rutinariamente contra los tibetanos. ACT\u00daA para presionar por su liberaci\u00f3n. [\/vc_column_text][\/vc_column][\/vc_row][vc_row][vc_column width=&#8221;1\/2&#8243; el_class=&#8221;boxcss&#8221;][vc_column_text css_animation=&#8221;bottom-to-top&#8221; css=&#8221;.vc_custom_1632227858732{padding-bottom: 20px !important;}&#8221;] Cantante tibetano encarcelado&#8230;<\/p>\n","protected":false},"author":1,"featured_media":0,"parent":0,"menu_order":104,"comment_status":"closed","ping_status":"closed","template":"page-full.php","meta":{"footnotes":""},"class_list":["post-13868","page","type-page","status-publish","hentry"],"aioseo_notices":[],"_links":{"self":[{"href":"https:\/\/freetibetanheroes.org\/freedom101\/wp-json\/wp\/v2\/pages\/13868","targetHints":{"allow":["GET"]}}],"collection":[{"href":"https:\/\/freetibetanheroes.org\/freedom101\/wp-json\/wp\/v2\/pages"}],"about":[{"href":"https:\/\/freetibetanheroes.org\/freedom101\/wp-json\/wp\/v2\/types\/page"}],"author":[{"embeddable":true,"href":"https:\/\/freetibetanheroes.org\/freedom101\/wp-json\/wp\/v2\/users\/1"}],"replies":[{"embeddable":true,"href":"https:\/\/freetibetanheroes.org\/freedom101\/wp-json\/wp\/v2\/comments?post=13868"}],"version-history":[{"count":2,"href":"https:\/\/freetibetanheroes.org\/freedom101\/wp-json\/wp\/v2\/pages\/13868\/revisions"}],"predecessor-version":[{"id":13871,"href":"https:\/\/freetibetanheroes.org\/freedom101\/wp-json\/wp\/v2\/pages\/13868\/revisions\/13871"}],"wp:attachment":[{"href":"https:\/\/freetibetanheroes.org\/freedom101\/wp-json\/wp\/v2\/media?parent=13868"}],"curies":[{"name":"wp","href":"https:\/\/api.w.org\/{rel}","templated":true}]}}