{"id":13882,"date":"2021-09-21T15:42:54","date_gmt":"2021-09-21T14:42:54","guid":{"rendered":"https:\/\/freetibetanheroes.org\/?page_id=13882"},"modified":"2021-10-05T11:02:23","modified_gmt":"2021-10-05T10:02:23","slug":"noticias-de-los-prisioneros","status":"publish","type":"page","link":"https:\/\/freetibetanheroes.org\/freedom101\/es\/noticias-de-los-prisioneros\/","title":{"rendered":"Noticias de los Prisioneros"},"content":{"rendered":"<div class=\"wpb-content-wrapper\">[vc_row gap=&#8221;30&#8243; css=&#8221;.vc_custom_1587395564675{padding-top: 32px !important;}&#8221;][vc_column width=&#8221;1\/2&#8243;][vc_custom_heading text=&#8221;Tibetan Shopkeeper Freed After Serving 5 Years For Dalai Lama Photo&#8221; use_theme_fonts=&#8221;yes&#8221; link=&#8221;|||&#8221;][vc_single_image source=&#8221;external_link&#8221; external_img_size=&#8221;large&#8221; alignment=&#8221;center&#8221; onclick=&#8221;custom_link&#8221; custom_src=&#8221;https:\/\/www.rfa.org\/english\/news\/tibet\/prisoner-release-04062020211513.html\/tibet-flag.jpg&#8221; link=&#8221;https:\/\/www.rfa.org\/english\/news\/tibet\/prisoner-release-04062020211513.html&#8221;][vc_column_text css=&#8221;.vc_custom_1587398067108{padding-top: 18px !important;}&#8221;]A Tibetan shopkeeper jailed for carrying a flag with a color photo of the Dalai Lama and other Tibetan figures at a festival in 2015 was released and returned to his family in Ngaba (in Chinese, Aba) at the weekend after serving his full five-year term, sources familiar with the case told RFA.<\/p>\n<p><em>Source: Radio Free Asia<\/em>[\/vc_column_text][vc_button title=&#8221;Read more&#8221; size=&#8221;large&#8221; align=&#8221;left&#8221; href=&#8221;https:\/\/www.rfa.org\/english\/news\/tibet\/prisoner-release-04062020211513.html&#8221;]<div class=\"separator-wrap-1\"><style type=\"text\/css\" scoped=\"scoped\">.separator-wrap-1 .separator-el {padding-top: px;padding-bottom: px;}.separator-wrap-1 .separator-el .line{width: 100%;height: 48px;}.separator-wrap-1 .line, .separator-wrap-1 .separator-el-left, .separator-wrap-1 .separator-el-right {background-color:#ffffff;}<\/style><div class=\"separator-el relative \"><div class=\"line w-10 h-1 bg-gray-700 mx-auto \"><\/div><\/div><\/div>[vc_custom_heading text=&#8221;Former Tibetan Political Prisoner Tashi Phuntsok Dies at 60&#8243; use_theme_fonts=&#8221;yes&#8221; link=&#8221;|||&#8221;][vc_single_image source=&#8221;external_link&#8221; external_img_size=&#8221;large&#8221; alignment=&#8221;center&#8221; onclick=&#8221;custom_link&#8221; custom_src=&#8221;https:\/\/www.rfa.org\/english\/monk-death-03192020193829.html\/tibet.jpg&#8221; link=&#8221;https:\/\/www.rfa.org\/english\/news\/tibet\/monk-death-03192020213222.html&#8221;][vc_column_text css=&#8221;.vc_custom_1587398082225{padding-top: 18px !important;}&#8221;]Former political prisoner Tashi Phuntsok, 60, has died in Lithang (in Chinese, Litang) county, a Tibetan region in Sichuan province, where the monk had staged protests against deforestation by China and suffered beatings in jail, an exile source told RFA.<\/p>\n<p><em>Source: Radio Free Asia<\/em>[\/vc_column_text][vc_button title=&#8221;Read more&#8221; size=&#8221;large&#8221; align=&#8221;left&#8221; href=&#8221;https:\/\/www.rfa.org\/english\/news\/tibet\/monk-death-03192020213222.html&#8221;]<div class=\"separator-wrap-2\"><style type=\"text\/css\" scoped=\"scoped\">.separator-wrap-2 .separator-el {padding-top: px;padding-bottom: px;}.separator-wrap-2 .separator-el .line{width: 100%;height: 48px;}.separator-wrap-2 .line, .separator-wrap-2 .separator-el-left, .separator-wrap-2 .separator-el-right {background-color:#ffffff;}<\/style><div class=\"separator-el relative \"><div class=\"line w-10 h-1 bg-gray-700 mx-auto \"><\/div><\/div><\/div>[vc_custom_heading text=&#8221;10 Tibetans arrested in connection to coronavirus rumours&#8221; use_theme_fonts=&#8221;yes&#8221; link=&#8221;|||&#8221;][vc_single_image source=&#8221;external_link&#8221; external_img_size=&#8221;large&#8221; alignment=&#8221;center&#8221; onclick=&#8221;custom_link&#8221; custom_src=&#8221;https:\/\/freetibet.org\/files\/styles\/medium\/public\/media\/1200px-Potala_Palace%2C_August_2009.jpg?itok=znqvnc1p&#8221; link=&#8221;https:\/\/freetibet.org\/news-media\/na\/10-tibetans-arrested-connection-coronavirus-rumours&#8221;][vc_column_text css=&#8221;.vc_custom_1587398097326{padding-top: 18px !important;}&#8221;]10 Tibetans have been arrested in Lhasa in <a href=\"https:\/\/freetibet.org\/about\/location\">central Tibet<\/a>, according to <a href=\"https:\/\/www.rfa.org\/english\/news\/tibet\/coronavirus-arrest-03192020210110.html\">Radio Free Asia<\/a>.<\/p>\n<p>The 10 Tibetans were reportedly arrested on 12 March for breaching control measures imposed across the so-called Tibet Autonomous Region (TAR) to combat the spread of COVID-19.<\/p>\n<p><em>Source: Free Tibet<\/em>[\/vc_column_text][vc_button title=&#8221;Read more&#8221; size=&#8221;large&#8221; align=&#8221;left&#8221; href=&#8221;https:\/\/freetibet.org\/news-media\/na\/10-tibetans-arrested-connection-coronavirus-rumours&#8221;][\/vc_column][vc_column width=&#8221;1\/2&#8243;][vc_custom_heading text=&#8221;Tibetan Father, Son Detained For Listening to Dalai Lama Teachings&#8221; use_theme_fonts=&#8221;yes&#8221; link=&#8221;|||&#8221;][vc_single_image source=&#8221;external_link&#8221; external_img_size=&#8221;large&#8221; alignment=&#8221;center&#8221; onclick=&#8221;custom_link&#8221; custom_src=&#8221;https:\/\/www.rfa.org\/english\/news\/tibet\/father-03302020141555.html\/jampa-dorjee.JPG&#8221; link=&#8221;https:\/\/www.rfa.org\/english\/news\/tibet\/father-03302020141555.html&#8221;][vc_column_text css=&#8221;.vc_custom_1587398074417{padding-top: 18px !important;}&#8221;]An elderly Tibetan man and his son were detained in the Tibet Autonomous Region at the end of last year for listening to teachings by exiled spiritual leader the Dalai Lama, RFA\u2019s Tibetan service has learned.<\/p>\n<p><em>Source: Radio Free Asia<\/em>[\/vc_column_text][vc_button title=&#8221;Read more&#8221; size=&#8221;large&#8221; align=&#8221;left&#8221; href=&#8221;https:\/\/www.rfa.org\/english\/news\/tibet\/father-03302020141555.html&#8221;]<div class=\"separator-wrap-3\"><style type=\"text\/css\" scoped=\"scoped\">.separator-wrap-3 .separator-el {padding-top: px;padding-bottom: px;}.separator-wrap-3 .separator-el .line{width: 100%;height: 48px;}.separator-wrap-3 .line, .separator-wrap-3 .separator-el-left, .separator-wrap-3 .separator-el-right {background-color:#ffffff;}<\/style><div class=\"separator-el relative \"><div class=\"line w-10 h-1 bg-gray-700 mx-auto \"><\/div><\/div><\/div>[vc_custom_heading text=&#8221;Three Tibetans detained for spreading \u201crumours\u201d about coronavirus&#8221; use_theme_fonts=&#8221;yes&#8221; link=&#8221;|||&#8221;][vc_single_image source=&#8221;external_link&#8221; external_img_size=&#8221;large&#8221; alignment=&#8221;center&#8221; onclick=&#8221;custom_link&#8221; custom_src=&#8221;https:\/\/freetibet.org\/files\/styles\/medium\/public\/media\/IMG-20200403-WA0028.jpg?itok=e2MZVaTS&#8221; link=&#8221;https:\/\/freetibet.org\/news-media\/na\/three-tibetans-detained-spreading-%E2%80%9Crumours%E2%80%9D-about-coronavirus&#8221;][vc_column_text css=&#8221;.vc_custom_1587398089545{padding-top: 18px !important;}&#8221;]Three Tibetans detained for five to ten days and fined 500 yuan for spreading coronavirus \u201crumours.\u201d<\/p>\n<p>The Tibetans have been forced to do Chinese legal education training and authorities closed the online WeChat groups they were using on 20 February 2020.<\/p>\n<p><em>Source: Free Tibet<\/em>[\/vc_column_text][vc_button title=&#8221;Read more&#8221; size=&#8221;large&#8221; align=&#8221;left&#8221; href=&#8221;https:\/\/freetibet.org\/news-media\/na\/three-tibetans-detained-spreading-%E2%80%9Crumours%E2%80%9D-about-coronavirus&#8221;][\/vc_column][\/vc_row][vc_row css=&#8221;.vc_custom_1587396765431{margin-top: 24px !important;margin-bottom: 24px !important;padding-top: 48px !important;padding-right: 24px !important;padding-bottom: 48px !important;padding-left: 24px !important;background-color: #ffd200 !important;}&#8221;][vc_column][vc_row_inner el_id=&#8221;torture&#8221;][vc_column_inner][vc_column_text]\n<h2>Tortura en T\u00edbet<\/h2>\n<p>En Tibet la tortura y los malos tratos son comunes.<\/p>\n<p>Los presos pol\u00edticos tibetanos son sometidos a tortura y malos tratos, con la intensi\u00f3n de quebrantar su esp\u00edritu y a fin de obtener confesiones que sirvan de base para condenas largas en prisi\u00f3n.<\/p>\n<p><strong>Las pr\u00e1cticas comunes de tortura incluyen:<\/strong><\/p>\n<ul>\n<li>Bastones de descarga el\u00e9ctrica en la cabeza, la boca o incluso los genitales<\/li>\n<li>Golpes con palos y barras de hierro<\/li>\n<li>Ser forzado a sentarse o ponerse de pie en posiciones extremas durante horas<\/li>\n<li>Aplicaci\u00f3n de objetos calientes en la piel<\/li>\n<li>Tortura y humillaci\u00f3n mental<\/li>\n<li>Privaci\u00f3n de sue\u00f1o y comida<\/li>\n<li>Confinamiento solitario sin luz de d\u00eda<\/li>\n<\/ul>\n<p><strong>Se utilizan diversos m\u00e9todos de crueles torturas que pueden dejar a los presos con cicatrices f\u00edsicas y mentales.<\/strong>[\/vc_column_text][\/vc_column_inner][\/vc_row_inner][\/vc_column][\/vc_row]\n<\/div>","protected":false},"excerpt":{"rendered":"<p>[vc_row gap=&#8221;30&#8243; css=&#8221;.vc_custom_1587395564675{padding-top: 32px !important;}&#8221;][vc_column width=&#8221;1\/2&#8243;][vc_custom_heading text=&#8221;Tibetan Shopkeeper Freed After Serving 5 Years For Dalai Lama Photo&#8221; use_theme_fonts=&#8221;yes&#8221; link=&#8221;|||&#8221;][vc_single_image source=&#8221;external_link&#8221; external_img_size=&#8221;large&#8221; alignment=&#8221;center&#8221; onclick=&#8221;custom_link&#8221; custom_src=&#8221;https:\/\/www.rfa.org\/english\/news\/tibet\/prisoner-release-04062020211513.html\/tibet-flag.jpg&#8221; link=&#8221;https:\/\/www.rfa.org\/english\/news\/tibet\/prisoner-release-04062020211513.html&#8221;][vc_column_text css=&#8221;.vc_custom_1587398067108{padding-top: 18px !important;}&#8221;]A Tibetan shopkeeper jailed for carrying a flag with a color photo of the Dalai Lama and other Tibetan figures at a festival in 2015 was released and&#8230;<\/p>\n","protected":false},"author":1,"featured_media":0,"parent":0,"menu_order":22,"comment_status":"closed","ping_status":"closed","template":"page-full.php","meta":{"footnotes":""},"class_list":["post-13882","page","type-page","status-publish","hentry"],"aioseo_notices":[],"_links":{"self":[{"href":"https:\/\/freetibetanheroes.org\/freedom101\/wp-json\/wp\/v2\/pages\/13882","targetHints":{"allow":["GET"]}}],"collection":[{"href":"https:\/\/freetibetanheroes.org\/freedom101\/wp-json\/wp\/v2\/pages"}],"about":[{"href":"https:\/\/freetibetanheroes.org\/freedom101\/wp-json\/wp\/v2\/types\/page"}],"author":[{"embeddable":true,"href":"https:\/\/freetibetanheroes.org\/freedom101\/wp-json\/wp\/v2\/users\/1"}],"replies":[{"embeddable":true,"href":"https:\/\/freetibetanheroes.org\/freedom101\/wp-json\/wp\/v2\/comments?post=13882"}],"version-history":[{"count":10,"href":"https:\/\/freetibetanheroes.org\/freedom101\/wp-json\/wp\/v2\/pages\/13882\/revisions"}],"predecessor-version":[{"id":13934,"href":"https:\/\/freetibetanheroes.org\/freedom101\/wp-json\/wp\/v2\/pages\/13882\/revisions\/13934"}],"wp:attachment":[{"href":"https:\/\/freetibetanheroes.org\/freedom101\/wp-json\/wp\/v2\/media?parent=13882"}],"curies":[{"name":"wp","href":"https:\/\/api.w.org\/{rel}","templated":true}]}}